{"id":172,"date":"2021-08-30T10:45:43","date_gmt":"2021-08-30T15:45:43","guid":{"rendered":"https:\/\/cristinatrujillorealtor.com\/index.php\/contact\/"},"modified":"2026-04-02T11:10:56","modified_gmt":"2026-04-02T16:10:56","slug":"contacto","status":"publish","type":"page","link":"https:\/\/cristinatrujillorealtor.com\/index.php\/contacto\/","title":{"rendered":"Contacto"},"content":{"rendered":"\t\t<div data-elementor-type=\"wp-page\" data-elementor-id=\"172\" class=\"elementor elementor-172\" data-elementor-post-type=\"page\">\n\t\t\t\t<div class=\"aux-parallax-section elementor-element elementor-element-b598e05 e-flex e-con-boxed e-con e-parent\" data-id=\"b598e05\" data-element_type=\"container\">\n\t\t\t\t\t<div class=\"e-con-inner\">\n\t\t<div class=\"elementor-element elementor-element-03719c8 e-con-full e-flex e-con e-child\" data-id=\"03719c8\" data-element_type=\"container\">\n\t\t\t\t<div class=\"elementor-element elementor-element-1cd4f75 elementor-widget__width-auto aux-appear-watch-animation aux-slide-from-bot elementor-widget elementor-widget-aux_modern_heading\" data-id=\"1cd4f75\" data-element_type=\"widget\" data-widget_type=\"aux_modern_heading.default\">\n\t\t\t\t<div class=\"elementor-widget-container\">\n\t\t\t\t\t<section class=\"aux-widget-modern-heading\">\n            <div class=\"aux-widget-inner\"><h5 class=\"aux-modern-heading-primary\">contactar<\/h5><h4 class=\"aux-modern-heading-secondary\"><span class=\"aux-head-before\">\u00bfListo para dar el siguiente paso?<\/span><\/h4><div class=\"aux-modern-heading-description\"><p>Agenda una consulta estrat\u00e9gica y comencemos a dise\u00f1ar tu portafolio de inversi\u00f3n hoy mismo.<\/p><\/div><\/div>\n        <\/section>\t\t\t\t<\/div>\n\t\t\t\t<\/div>\n\t\t\t\t<\/div>\n\t\t<div class=\"elementor-element elementor-element-46dcd34 e-con-full e-flex e-con e-child\" data-id=\"46dcd34\" data-element_type=\"container\">\n\t\t<div class=\"elementor-element elementor-element-4e93c4c aux-appear-watch-animation aux-fade-in-down e-con-full e-flex e-con e-child\" data-id=\"4e93c4c\" data-element_type=\"container\" data-settings=\"{&quot;background_background&quot;:&quot;gradient&quot;}\">\n\t\t<div class=\"elementor-element elementor-element-1255126 e-con-full e-flex e-con e-child\" data-id=\"1255126\" data-element_type=\"container\">\n\t\t\t\t<div class=\"elementor-element elementor-element-45f1ac3 aux-appear-watch-animation aux-fade-in-right-1 elementor-widget elementor-widget-aux_modern_heading\" data-id=\"45f1ac3\" data-element_type=\"widget\" data-widget_type=\"aux_modern_heading.default\">\n\t\t\t\t<div class=\"elementor-widget-container\">\n\t\t\t\t\t<section class=\"aux-widget-modern-heading\">\n            <div class=\"aux-widget-inner\"><a href=\"https:\/\/wa.link\/yz2075\" class=\"aux-modern-heading-primary-link\"><h4 class=\"aux-modern-heading-primary\">WhatsApp<\/h4><\/a><a href=\"https:\/\/wa.link\/yz2075\" class=\"aux-modern-heading-secondary-link\"><p class=\"aux-modern-heading-secondary\"><span class=\"aux-head-before\">+57 322 2502174<\/span><\/p><\/a><\/div>\n        <\/section>\t\t\t\t<\/div>\n\t\t\t\t<\/div>\n\t\t\t\t<\/div>\n\t\t<div class=\"elementor-element elementor-element-b21632f e-con-full e-flex e-con e-child\" data-id=\"b21632f\" data-element_type=\"container\">\n\t\t\t\t<div class=\"elementor-element elementor-element-01c6bc2 elementor-widget__width-auto aux-appear-watch-animation aux-fade-in-right-1 elementor-widget elementor-widget-aux_modern_heading\" data-id=\"01c6bc2\" data-element_type=\"widget\" data-widget_type=\"aux_modern_heading.default\">\n\t\t\t\t<div class=\"elementor-widget-container\">\n\t\t\t\t\t<section class=\"aux-widget-modern-heading\">\n            <div class=\"aux-widget-inner\"><h4 class=\"aux-modern-heading-primary\">Email:<\/h4><p class=\"aux-modern-heading-secondary\"><span class=\"aux-head-before\">Info@cristinatrujillorealtor.com<\/span><\/p><\/div>\n        <\/section>\t\t\t\t<\/div>\n\t\t\t\t<\/div>\n\t\t\t\t<\/div>\n\t\t\t\t<\/div>\n\t\t\t\t<\/div>\n\t\t\t\t\t<\/div>\n\t\t\t\t<\/div>\n\t\t<div class=\"aux-parallax-section elementor-element elementor-element-d14c55d e-flex e-con-boxed e-con e-parent\" data-id=\"d14c55d\" data-element_type=\"container\">\n\t\t\t\t\t<div class=\"e-con-inner\">\n\t\t\t\t<div class=\"elementor-element elementor-element-f1e81df elementor-widget elementor-widget-spacer\" data-id=\"f1e81df\" data-element_type=\"widget\" data-widget_type=\"spacer.default\">\n\t\t\t\t<div class=\"elementor-widget-container\">\n\t\t\t\t\t\t\t<div class=\"elementor-spacer\">\n\t\t\t<div class=\"elementor-spacer-inner\"><\/div>\n\t\t<\/div>\n\t\t\t\t\t\t<\/div>\n\t\t\t\t<\/div>\n\t\t\t\t\t<\/div>\n\t\t\t\t<\/div>\n\t\t\t\t<\/div>\n\t\t","protected":false},"excerpt":{"rendered":"<p>contactar \u00bfListo para dar el siguiente paso? Agenda una consulta estrat\u00e9gica y comencemos a dise\u00f1ar tu portafolio de inversi\u00f3n hoy mismo. WhatsApp +57 322 2502174 Email: Info@cristinatrujillorealtor.com<\/p>\n","protected":false},"author":1,"featured_media":0,"parent":0,"menu_order":0,"comment_status":"closed","ping_status":"closed","template":"templates\/page-builder-content.php","meta":{"footnotes":""},"class_list":["post-172","page","type-page","status-publish","hentry"],"_links":{"self":[{"href":"https:\/\/cristinatrujillorealtor.com\/index.php\/wp-json\/wp\/v2\/pages\/172","targetHints":{"allow":["GET"]}}],"collection":[{"href":"https:\/\/cristinatrujillorealtor.com\/index.php\/wp-json\/wp\/v2\/pages"}],"about":[{"href":"https:\/\/cristinatrujillorealtor.com\/index.php\/wp-json\/wp\/v2\/types\/page"}],"author":[{"embeddable":true,"href":"https:\/\/cristinatrujillorealtor.com\/index.php\/wp-json\/wp\/v2\/users\/1"}],"replies":[{"embeddable":true,"href":"https:\/\/cristinatrujillorealtor.com\/index.php\/wp-json\/wp\/v2\/comments?post=172"}],"version-history":[{"count":46,"href":"https:\/\/cristinatrujillorealtor.com\/index.php\/wp-json\/wp\/v2\/pages\/172\/revisions"}],"predecessor-version":[{"id":654,"href":"https:\/\/cristinatrujillorealtor.com\/index.php\/wp-json\/wp\/v2\/pages\/172\/revisions\/654"}],"wp:attachment":[{"href":"https:\/\/cristinatrujillorealtor.com\/index.php\/wp-json\/wp\/v2\/media?parent=172"}],"curies":[{"name":"wp","href":"https:\/\/api.w.org\/{rel}","templated":true}]}}